{"id":683,"date":"2020-02-17T14:32:02","date_gmt":"2020-02-17T13:32:02","guid":{"rendered":"https:\/\/staging.librairiecastagne.com\/?post_type=product&#038;p=683"},"modified":"2020-06-10T11:41:05","modified_gmt":"2020-06-10T09:41:05","slug":"les-croix-limousines-de-la-fin-du-xiie-siecle-au-debut-du-xive-siecle","status":"publish","type":"product","link":"https:\/\/staging.librairiecastagne.com\/it\/nos-livres\/manuscrits-envoi\/thoby-paul\/les-croix-limousines-de-la-fin-du-xiie-siecle-au-debut-du-xive-siecle\/","title":{"rendered":"Les Croix limousines de la fin du XIIe si\u00e8cle au d\u00e9but du XIVe si\u00e8cle."},"content":{"rendered":"<p>In-4 (285 x 225 mm), broch\u00e9.<\/p>\n<p>\u00c9dition originale de cet ouvrage de r\u00e9f\u00e9rence sur les croix \u00e9maill\u00e9es, illustr\u00e9 de 48 planches photographiques.<\/p>\n<p><strong>Un des 9 exemplaires de t\u00eate hors-commerce sur papier Johannot, le n\u00b0I.<\/strong><\/p>\n<p>Exemplaire du Pr\u00e9sident de la R\u00e9publique Ren\u00e9 Coty (1882-1962), avec envoi autographe sign\u00e9 de l'auteur.<\/p>\n","protected":false},"excerpt":{"rendered":"<p>In-4 (285 x 225 mm), broch\u00e9. \u00c9dition originale de cet ouvrage de r\u00e9f\u00e9rence sur les croix \u00e9maill\u00e9es, illustr\u00e9 de 48 planches photographiques. Un des 9 exemplaires de t\u00eate hors-commerce sur papier Johannot, le n\u00b0I. Exemplaire du Pr\u00e9sident de la R\u00e9publique Ren\u00e9 Coty (1882-1962), avec envoi autographe sign\u00e9 de l&#8217;auteur.<\/p>\n","protected":false},"featured_media":684,"template":"","meta":{"_acf_changed":false},"product_cat":[34,29,30,59],"product_tag":[],"acf":[],"_links":{"self":[{"href":"https:\/\/staging.librairiecastagne.com\/it\/wp-json\/wp\/v2\/product\/683"}],"collection":[{"href":"https:\/\/staging.librairiecastagne.com\/it\/wp-json\/wp\/v2\/product"}],"about":[{"href":"https:\/\/staging.librairiecastagne.com\/it\/wp-json\/wp\/v2\/types\/product"}],"wp:featuredmedia":[{"embeddable":true,"href":"https:\/\/staging.librairiecastagne.com\/it\/wp-json\/wp\/v2\/media\/684"}],"wp:attachment":[{"href":"https:\/\/staging.librairiecastagne.com\/it\/wp-json\/wp\/v2\/media?parent=683"}],"wp:term":[{"taxonomy":"product_cat","embeddable":true,"href":"https:\/\/staging.librairiecastagne.com\/it\/wp-json\/wp\/v2\/product_cat?post=683"},{"taxonomy":"product_tag","embeddable":true,"href":"https:\/\/staging.librairiecastagne.com\/it\/wp-json\/wp\/v2\/product_tag?post=683"}],"curies":[{"name":"wp","href":"https:\/\/api.w.org\/{rel}","templated":true}]}}