{"id":9559,"date":"2020-10-07T10:07:11","date_gmt":"2020-10-07T08:07:11","guid":{"rendered":"https:\/\/staging.librairiecastagne.com\/?post_type=product&#038;p=9559"},"modified":"2020-11-02T15:41:17","modified_gmt":"2020-11-02T14:41:17","slug":"catalogue-des-pipes-ropp","status":"publish","type":"product","link":"https:\/\/staging.librairiecastagne.com\/en\/nos-livres\/histoire\/catalogue\/catalogue-des-pipes-ropp\/","title":{"rendered":"Catalogue des pipes Ropp."},"content":{"rendered":"<p>In-12, percaline violette, dos lisse <em>(Reliure de l'\u00e9poque).<\/em><\/p>\n<p><strong>Joli catalogue pr\u00e9sentant la production de la fabrique de pipes Ropp \u00e0 Baume-les-Dames dans le Doubs, reproduisant des centaines de mod\u00e8les de pipes et accessoires du fumeur.<\/strong><\/p>\n<p>Cet exemplaire a \u00e9t\u00e9 envoy\u00e9 par le g\u00e9rant Eug\u00e8ne Ropp \u00e0 F. Aufr\u00e8re, mercier en gros \u00e0 Meudon, avec une lettre manuscrite portant son cachet.<\/p>\n<p>Il contient de nombreuses corrections manuscrites ou imprim\u00e9es concernant les prix ou \u00e0 la disponibilit\u00e9 des mod\u00e8les.<\/p>\n<p>5 feuillets publicitaires imprim\u00e9s en couleurs sur papier bible, avec les prix manuscrits, ont \u00e9t\u00e9 mont\u00e9s<em> in fine<\/em>.<\/p>\n","protected":false},"excerpt":{"rendered":"<p>In-12, percaline violette, dos lisse (Reliure de l&#8217;\u00e9poque). Joli catalogue pr\u00e9sentant la production de la fabrique de pipes Ropp \u00e0 Baume-les-Dames dans le Doubs, reproduisant des centaines de mod\u00e8les de pipes et accessoires du fumeur. Cet exemplaire a \u00e9t\u00e9 envoy\u00e9 par le g\u00e9rant Eug\u00e8ne Ropp \u00e0 F. Aufr\u00e8re, mercier en gros \u00e0 Meudon, avec une<\/p>\n","protected":false},"featured_media":9570,"template":"","meta":{"_acf_changed":false},"product_cat":[34,59],"product_tag":[],"acf":[],"_links":{"self":[{"href":"https:\/\/staging.librairiecastagne.com\/en\/wp-json\/wp\/v2\/product\/9559"}],"collection":[{"href":"https:\/\/staging.librairiecastagne.com\/en\/wp-json\/wp\/v2\/product"}],"about":[{"href":"https:\/\/staging.librairiecastagne.com\/en\/wp-json\/wp\/v2\/types\/product"}],"wp:featuredmedia":[{"embeddable":true,"href":"https:\/\/staging.librairiecastagne.com\/en\/wp-json\/wp\/v2\/media\/9570"}],"wp:attachment":[{"href":"https:\/\/staging.librairiecastagne.com\/en\/wp-json\/wp\/v2\/media?parent=9559"}],"wp:term":[{"taxonomy":"product_cat","embeddable":true,"href":"https:\/\/staging.librairiecastagne.com\/en\/wp-json\/wp\/v2\/product_cat?post=9559"},{"taxonomy":"product_tag","embeddable":true,"href":"https:\/\/staging.librairiecastagne.com\/en\/wp-json\/wp\/v2\/product_tag?post=9559"}],"curies":[{"name":"wp","href":"https:\/\/api.w.org\/{rel}","templated":true}]}}